{"id":19795,"date":"2026-01-23T04:12:49","date_gmt":"2026-01-23T07:12:49","guid":{"rendered":"https:\/\/911sport.cl\/tienda\/?post_type=product&#038;p=19795"},"modified":"2026-01-23T04:12:50","modified_gmt":"2026-01-23T07:12:50","slug":"filtro-hengst-e1054l","status":"publish","type":"product","link":"https:\/\/911sport.cl\/tienda\/producto\/filtro-hengst-e1054l\/","title":{"rendered":"filtro hengst E1054L"},"content":{"rendered":"<p>Filtro de aire de alto rendimiento Hengst E1056L, fabricado bajo est\u00e1ndares de equipo original para Porsche Cayenne y Panamera. Este componente es vital para garantizar que el motor reciba un flujo de aire limpio y constante, optimizando la combusti\u00f3n y protegiendo los cilindros y componentes internos de part\u00edculas abrasivas y suciedad del entorno.<br \/>\nHengst es proveedor oficial de Porsche, lo que asegura que este filtro cumple exactamente con las especificaciones de filtrado y flujo de aire requeridas por los motores V8 de la marca. Un filtro en \u00f3ptimas condiciones no solo mejora la eficiencia del combustible, sino que tambi\u00e9n previene la p\u00e9rdida de potencia en modelos Turbo y GTS<\/p>\n<p>Modelos Porsche Compatibles<\/p>\n<p>* Porsche Cayenne (Generaci\u00f3n 958 \/ 92A):<br \/>\n* Cayenne S (2010\u20132014)<br \/>\n* Cayenne Turbo \/ Turbo S (2010\u20132018)<br \/>\n* Cayenne GTS (2012\u20132014)<br \/>\n* Porsche Panamera (Generaci\u00f3n 970):<br \/>\n* Panamera S \/ 4S (2009\u20132013)<br \/>\n* Panamera Turbo \/ Turbo S (2009\u20132016)<br \/>\n* Panamera GTS (2012\u20132016<\/p>\n","protected":false},"excerpt":{"rendered":"<p>Ideal para mantenimiento preventivo y servicios programados en veh\u00edculos que exigen el m\u00e1ximo desempe\u00f1o y confiabilidad.<\/p>\n","protected":false},"featured_media":19801,"comment_status":"open","ping_status":"closed","template":"","meta":[],"product_brand":[],"product_cat":[703,625],"product_tag":[],"class_list":{"0":"post-19795","1":"product","2":"type-product","3":"status-publish","4":"has-post-thumbnail","6":"product_cat-articulos-de-cuidado-vehicular","7":"product_cat-filtro-y-empaquetaduras","9":"first","10":"instock","11":"taxable","12":"shipping-taxable","13":"purchasable","14":"product-type-simple"},"yoast_head":"<!-- This site is optimized with the Yoast SEO Premium plugin v26.2 (Yoast SEO v26.2) - https:\/\/yoast.com\/wordpress\/plugins\/seo\/ -->\n<title>filtro hengst E1054L - 911 Sport - Tienda<\/title>\n<meta name=\"robots\" content=\"index, follow, max-snippet:-1, max-image-preview:large, max-video-preview:-1\" \/>\n<link rel=\"canonical\" href=\"https:\/\/911sport.cl\/tienda\/producto\/filtro-hengst-e1054l\/\" \/>\n<meta property=\"og:locale\" content=\"es_ES\" \/>\n<meta property=\"og:type\" content=\"article\" \/>\n<meta property=\"og:title\" content=\"filtro hengst E1054L\" \/>\n<meta property=\"og:description\" content=\"Ideal para mantenimiento preventivo y servicios programados en veh\u00edculos que exigen el m\u00e1ximo desempe\u00f1o y confiabilidad.\" \/>\n<meta property=\"og:url\" content=\"https:\/\/911sport.cl\/tienda\/producto\/filtro-hengst-e1054l\/\" \/>\n<meta property=\"og:site_name\" content=\"911 Sport - Tienda\" \/>\n<meta property=\"article:modified_time\" content=\"2026-01-23T07:12:50+00:00\" \/>\n<meta property=\"og:image\" content=\"https:\/\/911sport.cl\/tienda\/wp-content\/uploads\/2026\/01\/Photoroom_002_20260123_034634.png\" \/>\n\t<meta property=\"og:image:width\" content=\"1512\" \/>\n\t<meta property=\"og:image:height\" content=\"1512\" \/>\n\t<meta property=\"og:image:type\" content=\"image\/png\" \/>\n<meta name=\"twitter:card\" content=\"summary_large_image\" \/>\n<meta name=\"twitter:label1\" content=\"Tiempo de lectura\" \/>\n\t<meta name=\"twitter:data1\" content=\"1 minuto\" \/>\n<script type=\"application\/ld+json\" class=\"yoast-schema-graph\">{\"@context\":\"https:\/\/schema.org\",\"@graph\":[{\"@type\":\"WebPage\",\"@id\":\"https:\/\/911sport.cl\/tienda\/producto\/filtro-hengst-e1054l\/\",\"url\":\"https:\/\/911sport.cl\/tienda\/producto\/filtro-hengst-e1054l\/\",\"name\":\"filtro hengst E1054L - 911 Sport - Tienda\",\"isPartOf\":{\"@id\":\"https:\/\/911sport.cl\/tienda\/#website\"},\"primaryImageOfPage\":{\"@id\":\"https:\/\/911sport.cl\/tienda\/producto\/filtro-hengst-e1054l\/#primaryimage\"},\"image\":{\"@id\":\"https:\/\/911sport.cl\/tienda\/producto\/filtro-hengst-e1054l\/#primaryimage\"},\"thumbnailUrl\":\"https:\/\/911sport.cl\/tienda\/wp-content\/uploads\/2026\/01\/Photoroom_002_20260123_034634.png\",\"datePublished\":\"2026-01-23T07:12:49+00:00\",\"dateModified\":\"2026-01-23T07:12:50+00:00\",\"breadcrumb\":{\"@id\":\"https:\/\/911sport.cl\/tienda\/producto\/filtro-hengst-e1054l\/#breadcrumb\"},\"inLanguage\":\"es\",\"potentialAction\":[{\"@type\":\"ReadAction\",\"target\":[\"https:\/\/911sport.cl\/tienda\/producto\/filtro-hengst-e1054l\/\"]}]},{\"@type\":\"ImageObject\",\"inLanguage\":\"es\",\"@id\":\"https:\/\/911sport.cl\/tienda\/producto\/filtro-hengst-e1054l\/#primaryimage\",\"url\":\"https:\/\/911sport.cl\/tienda\/wp-content\/uploads\/2026\/01\/Photoroom_002_20260123_034634.png\",\"contentUrl\":\"https:\/\/911sport.cl\/tienda\/wp-content\/uploads\/2026\/01\/Photoroom_002_20260123_034634.png\",\"width\":1512,\"height\":1512},{\"@type\":\"BreadcrumbList\",\"@id\":\"https:\/\/911sport.cl\/tienda\/producto\/filtro-hengst-e1054l\/#breadcrumb\",\"itemListElement\":[{\"@type\":\"ListItem\",\"position\":1,\"name\":\"Portada\",\"item\":\"https:\/\/911sport.cl\/tienda\/\"},{\"@type\":\"ListItem\",\"position\":2,\"name\":\"SHOP\",\"item\":\"https:\/\/911sport.cl\/tienda\/shop\/\"},{\"@type\":\"ListItem\",\"position\":3,\"name\":\"filtro hengst E1054L\"}]},{\"@type\":\"WebSite\",\"@id\":\"https:\/\/911sport.cl\/tienda\/#website\",\"url\":\"https:\/\/911sport.cl\/tienda\/\",\"name\":\"911 Sport - Tienda\",\"description\":\"by Anthonn Lucas\",\"potentialAction\":[{\"@type\":\"SearchAction\",\"target\":{\"@type\":\"EntryPoint\",\"urlTemplate\":\"https:\/\/911sport.cl\/tienda\/?s={search_term_string}\"},\"query-input\":{\"@type\":\"PropertyValueSpecification\",\"valueRequired\":true,\"valueName\":\"search_term_string\"}}],\"inLanguage\":\"es\"}]}<\/script>\n<!-- \/ Yoast SEO Premium plugin. -->","yoast_head_json":{"title":"filtro hengst E1054L - 911 Sport - Tienda","robots":{"index":"index","follow":"follow","max-snippet":"max-snippet:-1","max-image-preview":"max-image-preview:large","max-video-preview":"max-video-preview:-1"},"canonical":"https:\/\/911sport.cl\/tienda\/producto\/filtro-hengst-e1054l\/","og_locale":"es_ES","og_type":"article","og_title":"filtro hengst E1054L","og_description":"Ideal para mantenimiento preventivo y servicios programados en veh\u00edculos que exigen el m\u00e1ximo desempe\u00f1o y confiabilidad.","og_url":"https:\/\/911sport.cl\/tienda\/producto\/filtro-hengst-e1054l\/","og_site_name":"911 Sport - Tienda","article_modified_time":"2026-01-23T07:12:50+00:00","og_image":[{"width":1512,"height":1512,"url":"https:\/\/911sport.cl\/tienda\/wp-content\/uploads\/2026\/01\/Photoroom_002_20260123_034634.png","type":"image\/png"}],"twitter_card":"summary_large_image","twitter_misc":{"Tiempo de lectura":"1 minuto"},"schema":{"@context":"https:\/\/schema.org","@graph":[{"@type":"WebPage","@id":"https:\/\/911sport.cl\/tienda\/producto\/filtro-hengst-e1054l\/","url":"https:\/\/911sport.cl\/tienda\/producto\/filtro-hengst-e1054l\/","name":"filtro hengst E1054L - 911 Sport - Tienda","isPartOf":{"@id":"https:\/\/911sport.cl\/tienda\/#website"},"primaryImageOfPage":{"@id":"https:\/\/911sport.cl\/tienda\/producto\/filtro-hengst-e1054l\/#primaryimage"},"image":{"@id":"https:\/\/911sport.cl\/tienda\/producto\/filtro-hengst-e1054l\/#primaryimage"},"thumbnailUrl":"https:\/\/911sport.cl\/tienda\/wp-content\/uploads\/2026\/01\/Photoroom_002_20260123_034634.png","datePublished":"2026-01-23T07:12:49+00:00","dateModified":"2026-01-23T07:12:50+00:00","breadcrumb":{"@id":"https:\/\/911sport.cl\/tienda\/producto\/filtro-hengst-e1054l\/#breadcrumb"},"inLanguage":"es","potentialAction":[{"@type":"ReadAction","target":["https:\/\/911sport.cl\/tienda\/producto\/filtro-hengst-e1054l\/"]}]},{"@type":"ImageObject","inLanguage":"es","@id":"https:\/\/911sport.cl\/tienda\/producto\/filtro-hengst-e1054l\/#primaryimage","url":"https:\/\/911sport.cl\/tienda\/wp-content\/uploads\/2026\/01\/Photoroom_002_20260123_034634.png","contentUrl":"https:\/\/911sport.cl\/tienda\/wp-content\/uploads\/2026\/01\/Photoroom_002_20260123_034634.png","width":1512,"height":1512},{"@type":"BreadcrumbList","@id":"https:\/\/911sport.cl\/tienda\/producto\/filtro-hengst-e1054l\/#breadcrumb","itemListElement":[{"@type":"ListItem","position":1,"name":"Portada","item":"https:\/\/911sport.cl\/tienda\/"},{"@type":"ListItem","position":2,"name":"SHOP","item":"https:\/\/911sport.cl\/tienda\/shop\/"},{"@type":"ListItem","position":3,"name":"filtro hengst E1054L"}]},{"@type":"WebSite","@id":"https:\/\/911sport.cl\/tienda\/#website","url":"https:\/\/911sport.cl\/tienda\/","name":"911 Sport - Tienda","description":"by Anthonn Lucas","potentialAction":[{"@type":"SearchAction","target":{"@type":"EntryPoint","urlTemplate":"https:\/\/911sport.cl\/tienda\/?s={search_term_string}"},"query-input":{"@type":"PropertyValueSpecification","valueRequired":true,"valueName":"search_term_string"}}],"inLanguage":"es"}]}},"_links":{"self":[{"href":"https:\/\/911sport.cl\/tienda\/wp-json\/wp\/v2\/product\/19795","targetHints":{"allow":["GET"]}}],"collection":[{"href":"https:\/\/911sport.cl\/tienda\/wp-json\/wp\/v2\/product"}],"about":[{"href":"https:\/\/911sport.cl\/tienda\/wp-json\/wp\/v2\/types\/product"}],"replies":[{"embeddable":true,"href":"https:\/\/911sport.cl\/tienda\/wp-json\/wp\/v2\/comments?post=19795"}],"version-history":[{"count":1,"href":"https:\/\/911sport.cl\/tienda\/wp-json\/wp\/v2\/product\/19795\/revisions"}],"predecessor-version":[{"id":19807,"href":"https:\/\/911sport.cl\/tienda\/wp-json\/wp\/v2\/product\/19795\/revisions\/19807"}],"wp:featuredmedia":[{"embeddable":true,"href":"https:\/\/911sport.cl\/tienda\/wp-json\/wp\/v2\/media\/19801"}],"wp:attachment":[{"href":"https:\/\/911sport.cl\/tienda\/wp-json\/wp\/v2\/media?parent=19795"}],"wp:term":[{"taxonomy":"product_brand","embeddable":true,"href":"https:\/\/911sport.cl\/tienda\/wp-json\/wp\/v2\/product_brand?post=19795"},{"taxonomy":"product_cat","embeddable":true,"href":"https:\/\/911sport.cl\/tienda\/wp-json\/wp\/v2\/product_cat?post=19795"},{"taxonomy":"product_tag","embeddable":true,"href":"https:\/\/911sport.cl\/tienda\/wp-json\/wp\/v2\/product_tag?post=19795"}],"curies":[{"name":"wp","href":"https:\/\/api.w.org\/{rel}","templated":true}]}}