{"id":20149,"date":"2026-01-28T09:52:56","date_gmt":"2026-01-28T12:52:56","guid":{"rendered":"https:\/\/911sport.cl\/tienda\/?post_type=product&#038;p=20149"},"modified":"2026-01-28T09:52:57","modified_gmt":"2026-01-28T12:52:57","slug":"filtro-de-aire-de-habitaculo-mahle-lak-182","status":"publish","type":"product","link":"https:\/\/911sport.cl\/tienda\/producto\/filtro-de-aire-de-habitaculo-mahle-lak-182\/","title":{"rendered":"FILTRO DE AIRE DE HABITACULO MAHLE LAK 182"},"content":{"rendered":"<p>El filtro de habit\u00e1culo MAHLE LAK 182 es un elemento de mantenimiento premium que utiliza una capa de carb\u00f3n activado para proporcionar un ambiente saludable y confortable dentro del veh\u00edculo. A diferencia de los filtros de papel convencionales, este modelo ofrece una doble protecci\u00f3n: act\u00faa como una barrera f\u00edsica contra part\u00edculas y como un filtro qu\u00edmico contra gases nocivos.<br \/>\nFabricado con la calidad de equipo original exigida por Porsche, este filtro garantiza un encaje perfecto en el compartimento de la bater\u00eda (ubicaci\u00f3n com\u00fan en estos modelos), asegurando que todo el aire que entra a la cabina pase por sus capas de filtraci\u00f3n sin fugas laterales.<\/p>\n<p>Modelos Porsche Compatibles<\/p>\n<p>* Porsche 911 (Generaci\u00f3n 997): Todos los modelos, incluidos Carrera, Turbo y GT3 (2005\u20132012).<br \/>\n* Porsche 911 (Generaci\u00f3n 996): Todos los modelos (1998\u20132005).<br \/>\n* Porsche Boxster \/ Cayman (Generaci\u00f3n 987): Todos los modelos (2005\u20132012).<br \/>\n* Porsche Boxster (Generaci\u00f3n 986): Todos los modelos (1997\u20132004).<\/p>\n","protected":false},"excerpt":{"rendered":"<p>Nota de instalaci\u00f3n: En los modelos 996\/997 y 986\/987, este filtro se encuentra en el maletero delantero, cerca de la base del parabrisas.<\/p>\n","protected":false},"featured_media":20153,"comment_status":"open","ping_status":"closed","template":"","meta":[],"product_brand":[],"product_cat":[599,587],"product_tag":[],"class_list":{"0":"post-20149","1":"product","2":"type-product","3":"status-publish","4":"has-post-thumbnail","6":"product_cat-admision","7":"product_cat-motor","9":"first","10":"outofstock","11":"taxable","12":"shipping-taxable","13":"purchasable","14":"product-type-simple"},"yoast_head":"<!-- This site is optimized with the Yoast SEO Premium plugin v26.2 (Yoast SEO v26.2) - https:\/\/yoast.com\/wordpress\/plugins\/seo\/ -->\n<title>FILTRO DE AIRE DE HABITACULO MAHLE LAK 182 - 911 Sport - Tienda<\/title>\n<meta name=\"robots\" content=\"index, follow, max-snippet:-1, max-image-preview:large, max-video-preview:-1\" \/>\n<link rel=\"canonical\" href=\"https:\/\/911sport.cl\/tienda\/producto\/filtro-de-aire-de-habitaculo-mahle-lak-182\/\" \/>\n<meta property=\"og:locale\" content=\"es_ES\" \/>\n<meta property=\"og:type\" content=\"article\" \/>\n<meta property=\"og:title\" content=\"FILTRO DE AIRE DE HABITACULO MAHLE LAK 182\" \/>\n<meta property=\"og:description\" content=\"Nota de instalaci\u00f3n: En los modelos 996\/997 y 986\/987, este filtro se encuentra en el maletero delantero, cerca de la base del parabrisas.\" \/>\n<meta property=\"og:url\" content=\"https:\/\/911sport.cl\/tienda\/producto\/filtro-de-aire-de-habitaculo-mahle-lak-182\/\" \/>\n<meta property=\"og:site_name\" content=\"911 Sport - Tienda\" \/>\n<meta property=\"article:modified_time\" content=\"2026-01-28T12:52:57+00:00\" \/>\n<meta property=\"og:image\" content=\"https:\/\/911sport.cl\/tienda\/wp-content\/uploads\/2026\/01\/Photoroom_064_20260123_034634-1024x1024.png\" \/>\n\t<meta property=\"og:image:width\" content=\"1024\" \/>\n\t<meta property=\"og:image:height\" content=\"1024\" \/>\n\t<meta property=\"og:image:type\" content=\"image\/png\" \/>\n<meta name=\"twitter:card\" content=\"summary_large_image\" \/>\n<meta name=\"twitter:label1\" content=\"Tiempo de lectura\" \/>\n\t<meta name=\"twitter:data1\" content=\"1 minuto\" \/>\n<script type=\"application\/ld+json\" class=\"yoast-schema-graph\">{\"@context\":\"https:\/\/schema.org\",\"@graph\":[{\"@type\":\"WebPage\",\"@id\":\"https:\/\/911sport.cl\/tienda\/producto\/filtro-de-aire-de-habitaculo-mahle-lak-182\/\",\"url\":\"https:\/\/911sport.cl\/tienda\/producto\/filtro-de-aire-de-habitaculo-mahle-lak-182\/\",\"name\":\"FILTRO DE AIRE DE HABITACULO MAHLE LAK 182 - 911 Sport - Tienda\",\"isPartOf\":{\"@id\":\"https:\/\/911sport.cl\/tienda\/#website\"},\"primaryImageOfPage\":{\"@id\":\"https:\/\/911sport.cl\/tienda\/producto\/filtro-de-aire-de-habitaculo-mahle-lak-182\/#primaryimage\"},\"image\":{\"@id\":\"https:\/\/911sport.cl\/tienda\/producto\/filtro-de-aire-de-habitaculo-mahle-lak-182\/#primaryimage\"},\"thumbnailUrl\":\"https:\/\/911sport.cl\/tienda\/wp-content\/uploads\/2026\/01\/Photoroom_064_20260123_034634.png\",\"datePublished\":\"2026-01-28T12:52:56+00:00\",\"dateModified\":\"2026-01-28T12:52:57+00:00\",\"breadcrumb\":{\"@id\":\"https:\/\/911sport.cl\/tienda\/producto\/filtro-de-aire-de-habitaculo-mahle-lak-182\/#breadcrumb\"},\"inLanguage\":\"es\",\"potentialAction\":[{\"@type\":\"ReadAction\",\"target\":[\"https:\/\/911sport.cl\/tienda\/producto\/filtro-de-aire-de-habitaculo-mahle-lak-182\/\"]}]},{\"@type\":\"ImageObject\",\"inLanguage\":\"es\",\"@id\":\"https:\/\/911sport.cl\/tienda\/producto\/filtro-de-aire-de-habitaculo-mahle-lak-182\/#primaryimage\",\"url\":\"https:\/\/911sport.cl\/tienda\/wp-content\/uploads\/2026\/01\/Photoroom_064_20260123_034634.png\",\"contentUrl\":\"https:\/\/911sport.cl\/tienda\/wp-content\/uploads\/2026\/01\/Photoroom_064_20260123_034634.png\",\"width\":1512,\"height\":1512},{\"@type\":\"BreadcrumbList\",\"@id\":\"https:\/\/911sport.cl\/tienda\/producto\/filtro-de-aire-de-habitaculo-mahle-lak-182\/#breadcrumb\",\"itemListElement\":[{\"@type\":\"ListItem\",\"position\":1,\"name\":\"Portada\",\"item\":\"https:\/\/911sport.cl\/tienda\/\"},{\"@type\":\"ListItem\",\"position\":2,\"name\":\"SHOP\",\"item\":\"https:\/\/911sport.cl\/tienda\/shop\/\"},{\"@type\":\"ListItem\",\"position\":3,\"name\":\"FILTRO DE AIRE DE HABITACULO MAHLE LAK 182\"}]},{\"@type\":\"WebSite\",\"@id\":\"https:\/\/911sport.cl\/tienda\/#website\",\"url\":\"https:\/\/911sport.cl\/tienda\/\",\"name\":\"911 Sport - Tienda\",\"description\":\"by Anthonn Lucas\",\"potentialAction\":[{\"@type\":\"SearchAction\",\"target\":{\"@type\":\"EntryPoint\",\"urlTemplate\":\"https:\/\/911sport.cl\/tienda\/?s={search_term_string}\"},\"query-input\":{\"@type\":\"PropertyValueSpecification\",\"valueRequired\":true,\"valueName\":\"search_term_string\"}}],\"inLanguage\":\"es\"}]}<\/script>\n<!-- \/ Yoast SEO Premium plugin. -->","yoast_head_json":{"title":"FILTRO DE AIRE DE HABITACULO MAHLE LAK 182 - 911 Sport - Tienda","robots":{"index":"index","follow":"follow","max-snippet":"max-snippet:-1","max-image-preview":"max-image-preview:large","max-video-preview":"max-video-preview:-1"},"canonical":"https:\/\/911sport.cl\/tienda\/producto\/filtro-de-aire-de-habitaculo-mahle-lak-182\/","og_locale":"es_ES","og_type":"article","og_title":"FILTRO DE AIRE DE HABITACULO MAHLE LAK 182","og_description":"Nota de instalaci\u00f3n: En los modelos 996\/997 y 986\/987, este filtro se encuentra en el maletero delantero, cerca de la base del parabrisas.","og_url":"https:\/\/911sport.cl\/tienda\/producto\/filtro-de-aire-de-habitaculo-mahle-lak-182\/","og_site_name":"911 Sport - Tienda","article_modified_time":"2026-01-28T12:52:57+00:00","og_image":[{"width":1024,"height":1024,"url":"https:\/\/911sport.cl\/tienda\/wp-content\/uploads\/2026\/01\/Photoroom_064_20260123_034634-1024x1024.png","type":"image\/png"}],"twitter_card":"summary_large_image","twitter_misc":{"Tiempo de lectura":"1 minuto"},"schema":{"@context":"https:\/\/schema.org","@graph":[{"@type":"WebPage","@id":"https:\/\/911sport.cl\/tienda\/producto\/filtro-de-aire-de-habitaculo-mahle-lak-182\/","url":"https:\/\/911sport.cl\/tienda\/producto\/filtro-de-aire-de-habitaculo-mahle-lak-182\/","name":"FILTRO DE AIRE DE HABITACULO MAHLE LAK 182 - 911 Sport - Tienda","isPartOf":{"@id":"https:\/\/911sport.cl\/tienda\/#website"},"primaryImageOfPage":{"@id":"https:\/\/911sport.cl\/tienda\/producto\/filtro-de-aire-de-habitaculo-mahle-lak-182\/#primaryimage"},"image":{"@id":"https:\/\/911sport.cl\/tienda\/producto\/filtro-de-aire-de-habitaculo-mahle-lak-182\/#primaryimage"},"thumbnailUrl":"https:\/\/911sport.cl\/tienda\/wp-content\/uploads\/2026\/01\/Photoroom_064_20260123_034634.png","datePublished":"2026-01-28T12:52:56+00:00","dateModified":"2026-01-28T12:52:57+00:00","breadcrumb":{"@id":"https:\/\/911sport.cl\/tienda\/producto\/filtro-de-aire-de-habitaculo-mahle-lak-182\/#breadcrumb"},"inLanguage":"es","potentialAction":[{"@type":"ReadAction","target":["https:\/\/911sport.cl\/tienda\/producto\/filtro-de-aire-de-habitaculo-mahle-lak-182\/"]}]},{"@type":"ImageObject","inLanguage":"es","@id":"https:\/\/911sport.cl\/tienda\/producto\/filtro-de-aire-de-habitaculo-mahle-lak-182\/#primaryimage","url":"https:\/\/911sport.cl\/tienda\/wp-content\/uploads\/2026\/01\/Photoroom_064_20260123_034634.png","contentUrl":"https:\/\/911sport.cl\/tienda\/wp-content\/uploads\/2026\/01\/Photoroom_064_20260123_034634.png","width":1512,"height":1512},{"@type":"BreadcrumbList","@id":"https:\/\/911sport.cl\/tienda\/producto\/filtro-de-aire-de-habitaculo-mahle-lak-182\/#breadcrumb","itemListElement":[{"@type":"ListItem","position":1,"name":"Portada","item":"https:\/\/911sport.cl\/tienda\/"},{"@type":"ListItem","position":2,"name":"SHOP","item":"https:\/\/911sport.cl\/tienda\/shop\/"},{"@type":"ListItem","position":3,"name":"FILTRO DE AIRE DE HABITACULO MAHLE LAK 182"}]},{"@type":"WebSite","@id":"https:\/\/911sport.cl\/tienda\/#website","url":"https:\/\/911sport.cl\/tienda\/","name":"911 Sport - Tienda","description":"by Anthonn Lucas","potentialAction":[{"@type":"SearchAction","target":{"@type":"EntryPoint","urlTemplate":"https:\/\/911sport.cl\/tienda\/?s={search_term_string}"},"query-input":{"@type":"PropertyValueSpecification","valueRequired":true,"valueName":"search_term_string"}}],"inLanguage":"es"}]}},"_links":{"self":[{"href":"https:\/\/911sport.cl\/tienda\/wp-json\/wp\/v2\/product\/20149","targetHints":{"allow":["GET"]}}],"collection":[{"href":"https:\/\/911sport.cl\/tienda\/wp-json\/wp\/v2\/product"}],"about":[{"href":"https:\/\/911sport.cl\/tienda\/wp-json\/wp\/v2\/types\/product"}],"replies":[{"embeddable":true,"href":"https:\/\/911sport.cl\/tienda\/wp-json\/wp\/v2\/comments?post=20149"}],"version-history":[{"count":1,"href":"https:\/\/911sport.cl\/tienda\/wp-json\/wp\/v2\/product\/20149\/revisions"}],"predecessor-version":[{"id":20159,"href":"https:\/\/911sport.cl\/tienda\/wp-json\/wp\/v2\/product\/20149\/revisions\/20159"}],"wp:featuredmedia":[{"embeddable":true,"href":"https:\/\/911sport.cl\/tienda\/wp-json\/wp\/v2\/media\/20153"}],"wp:attachment":[{"href":"https:\/\/911sport.cl\/tienda\/wp-json\/wp\/v2\/media?parent=20149"}],"wp:term":[{"taxonomy":"product_brand","embeddable":true,"href":"https:\/\/911sport.cl\/tienda\/wp-json\/wp\/v2\/product_brand?post=20149"},{"taxonomy":"product_cat","embeddable":true,"href":"https:\/\/911sport.cl\/tienda\/wp-json\/wp\/v2\/product_cat?post=20149"},{"taxonomy":"product_tag","embeddable":true,"href":"https:\/\/911sport.cl\/tienda\/wp-json\/wp\/v2\/product_tag?post=20149"}],"curies":[{"name":"wp","href":"https:\/\/api.w.org\/{rel}","templated":true}]}}