{"id":20427,"date":"2026-02-03T16:21:53","date_gmt":"2026-02-03T19:21:53","guid":{"rendered":"https:\/\/911sport.cl\/tienda\/?post_type=product&#038;p=20427"},"modified":"2026-02-03T16:21:54","modified_gmt":"2026-02-03T19:21:54","slug":"pulmon-land-rover-voge","status":"publish","type":"product","link":"https:\/\/911sport.cl\/tienda\/producto\/pulmon-land-rover-voge\/","title":{"rendered":"PULMON LAND ROVER VOGE"},"content":{"rendered":"<p>Este fuelle neum\u00e1tico es el componente encargado de soportar el peso del veh\u00edculo en el eje trasero mediante aire a presi\u00f3n, reemplazando el resorte helicoidal convencional. Al ser una pieza original fabricada por Continental, garantiza la m\u00e1xima flexibilidad y resistencia estructural necesaria para mantener la altura de marcha ajustable caracter\u00edstica de Land Rover.<\/p>\n<p>Modelos Compatibles<\/p>\n<p>* Range Rover Vogue (L405): Modelos fabricados entre 2013 y 2021.<br \/>\n* Range Rover Sport (L494): Modelos con suspensi\u00f3n neum\u00e1tica trasera (2014\u20132022).<\/p>\n","protected":false},"excerpt":{"rendered":"<p>Nota importante de seguridad: Si este pulm\u00f3n presenta grietas en el caucho o el veh\u00edculo &#8220;amanece&#8221; ca\u00eddo de un lado, es se\u00f1al de una fuga inminente. El uso de pulmones usados requiere una inspecci\u00f3n minuciosa de los sellos para evitar que el compresor trabaje en exceso y se queme.<\/p>\n","protected":false},"featured_media":20429,"comment_status":"open","ping_status":"closed","template":"","meta":[],"product_brand":[],"product_cat":[655,647],"product_tag":[],"class_list":{"0":"post-20427","1":"product","2":"type-product","3":"status-publish","4":"has-post-thumbnail","6":"product_cat-suspension-tren-trasero","7":"product_cat-tren-trasero","9":"first","10":"instock","11":"taxable","12":"shipping-taxable","13":"purchasable","14":"product-type-simple"},"yoast_head":"<!-- This site is optimized with the Yoast SEO Premium plugin v26.2 (Yoast SEO v26.2) - https:\/\/yoast.com\/wordpress\/plugins\/seo\/ -->\n<title>PULMON LAND ROVER VOGE - 911 Sport - Tienda<\/title>\n<meta name=\"robots\" content=\"index, follow, max-snippet:-1, max-image-preview:large, max-video-preview:-1\" \/>\n<link rel=\"canonical\" href=\"https:\/\/911sport.cl\/tienda\/producto\/pulmon-land-rover-voge\/\" \/>\n<meta property=\"og:locale\" content=\"es_ES\" \/>\n<meta property=\"og:type\" content=\"article\" \/>\n<meta property=\"og:title\" content=\"PULMON LAND ROVER VOGE\" \/>\n<meta property=\"og:description\" content=\"Nota importante de seguridad: Si este pulm\u00f3n presenta grietas en el caucho o el veh\u00edculo &quot;amanece&quot; ca\u00eddo de un lado, es se\u00f1al de una fuga inminente. El uso de pulmones usados requiere una inspecci\u00f3n minuciosa de los sellos para evitar que el compresor trabaje en exceso y se queme.\" \/>\n<meta property=\"og:url\" content=\"https:\/\/911sport.cl\/tienda\/producto\/pulmon-land-rover-voge\/\" \/>\n<meta property=\"og:site_name\" content=\"911 Sport - Tienda\" \/>\n<meta property=\"article:modified_time\" content=\"2026-02-03T19:21:54+00:00\" \/>\n<meta property=\"og:image\" content=\"https:\/\/911sport.cl\/tienda\/wp-content\/uploads\/2026\/02\/IMG_2089-Photoroom.png\" \/>\n\t<meta property=\"og:image:width\" content=\"1512\" \/>\n\t<meta property=\"og:image:height\" content=\"1512\" \/>\n\t<meta property=\"og:image:type\" content=\"image\/png\" \/>\n<meta name=\"twitter:card\" content=\"summary_large_image\" \/>\n<meta name=\"twitter:label1\" content=\"Tiempo de lectura\" \/>\n\t<meta name=\"twitter:data1\" content=\"1 minuto\" \/>\n<script type=\"application\/ld+json\" class=\"yoast-schema-graph\">{\"@context\":\"https:\/\/schema.org\",\"@graph\":[{\"@type\":\"WebPage\",\"@id\":\"https:\/\/911sport.cl\/tienda\/producto\/pulmon-land-rover-voge\/\",\"url\":\"https:\/\/911sport.cl\/tienda\/producto\/pulmon-land-rover-voge\/\",\"name\":\"PULMON LAND ROVER VOGE - 911 Sport - Tienda\",\"isPartOf\":{\"@id\":\"https:\/\/911sport.cl\/tienda\/#website\"},\"primaryImageOfPage\":{\"@id\":\"https:\/\/911sport.cl\/tienda\/producto\/pulmon-land-rover-voge\/#primaryimage\"},\"image\":{\"@id\":\"https:\/\/911sport.cl\/tienda\/producto\/pulmon-land-rover-voge\/#primaryimage\"},\"thumbnailUrl\":\"https:\/\/911sport.cl\/tienda\/wp-content\/uploads\/2026\/02\/IMG_2089-Photoroom.png\",\"datePublished\":\"2026-02-03T19:21:53+00:00\",\"dateModified\":\"2026-02-03T19:21:54+00:00\",\"breadcrumb\":{\"@id\":\"https:\/\/911sport.cl\/tienda\/producto\/pulmon-land-rover-voge\/#breadcrumb\"},\"inLanguage\":\"es\",\"potentialAction\":[{\"@type\":\"ReadAction\",\"target\":[\"https:\/\/911sport.cl\/tienda\/producto\/pulmon-land-rover-voge\/\"]}]},{\"@type\":\"ImageObject\",\"inLanguage\":\"es\",\"@id\":\"https:\/\/911sport.cl\/tienda\/producto\/pulmon-land-rover-voge\/#primaryimage\",\"url\":\"https:\/\/911sport.cl\/tienda\/wp-content\/uploads\/2026\/02\/IMG_2089-Photoroom.png\",\"contentUrl\":\"https:\/\/911sport.cl\/tienda\/wp-content\/uploads\/2026\/02\/IMG_2089-Photoroom.png\",\"width\":1512,\"height\":1512},{\"@type\":\"BreadcrumbList\",\"@id\":\"https:\/\/911sport.cl\/tienda\/producto\/pulmon-land-rover-voge\/#breadcrumb\",\"itemListElement\":[{\"@type\":\"ListItem\",\"position\":1,\"name\":\"Portada\",\"item\":\"https:\/\/911sport.cl\/tienda\/\"},{\"@type\":\"ListItem\",\"position\":2,\"name\":\"SHOP\",\"item\":\"https:\/\/911sport.cl\/tienda\/shop\/\"},{\"@type\":\"ListItem\",\"position\":3,\"name\":\"PULMON LAND ROVER VOGE\"}]},{\"@type\":\"WebSite\",\"@id\":\"https:\/\/911sport.cl\/tienda\/#website\",\"url\":\"https:\/\/911sport.cl\/tienda\/\",\"name\":\"911 Sport - Tienda\",\"description\":\"by Anthonn Lucas\",\"potentialAction\":[{\"@type\":\"SearchAction\",\"target\":{\"@type\":\"EntryPoint\",\"urlTemplate\":\"https:\/\/911sport.cl\/tienda\/?s={search_term_string}\"},\"query-input\":{\"@type\":\"PropertyValueSpecification\",\"valueRequired\":true,\"valueName\":\"search_term_string\"}}],\"inLanguage\":\"es\"}]}<\/script>\n<!-- \/ Yoast SEO Premium plugin. -->","yoast_head_json":{"title":"PULMON LAND ROVER VOGE - 911 Sport - Tienda","robots":{"index":"index","follow":"follow","max-snippet":"max-snippet:-1","max-image-preview":"max-image-preview:large","max-video-preview":"max-video-preview:-1"},"canonical":"https:\/\/911sport.cl\/tienda\/producto\/pulmon-land-rover-voge\/","og_locale":"es_ES","og_type":"article","og_title":"PULMON LAND ROVER VOGE","og_description":"Nota importante de seguridad: Si este pulm\u00f3n presenta grietas en el caucho o el veh\u00edculo \"amanece\" ca\u00eddo de un lado, es se\u00f1al de una fuga inminente. El uso de pulmones usados requiere una inspecci\u00f3n minuciosa de los sellos para evitar que el compresor trabaje en exceso y se queme.","og_url":"https:\/\/911sport.cl\/tienda\/producto\/pulmon-land-rover-voge\/","og_site_name":"911 Sport - Tienda","article_modified_time":"2026-02-03T19:21:54+00:00","og_image":[{"width":1512,"height":1512,"url":"https:\/\/911sport.cl\/tienda\/wp-content\/uploads\/2026\/02\/IMG_2089-Photoroom.png","type":"image\/png"}],"twitter_card":"summary_large_image","twitter_misc":{"Tiempo de lectura":"1 minuto"},"schema":{"@context":"https:\/\/schema.org","@graph":[{"@type":"WebPage","@id":"https:\/\/911sport.cl\/tienda\/producto\/pulmon-land-rover-voge\/","url":"https:\/\/911sport.cl\/tienda\/producto\/pulmon-land-rover-voge\/","name":"PULMON LAND ROVER VOGE - 911 Sport - Tienda","isPartOf":{"@id":"https:\/\/911sport.cl\/tienda\/#website"},"primaryImageOfPage":{"@id":"https:\/\/911sport.cl\/tienda\/producto\/pulmon-land-rover-voge\/#primaryimage"},"image":{"@id":"https:\/\/911sport.cl\/tienda\/producto\/pulmon-land-rover-voge\/#primaryimage"},"thumbnailUrl":"https:\/\/911sport.cl\/tienda\/wp-content\/uploads\/2026\/02\/IMG_2089-Photoroom.png","datePublished":"2026-02-03T19:21:53+00:00","dateModified":"2026-02-03T19:21:54+00:00","breadcrumb":{"@id":"https:\/\/911sport.cl\/tienda\/producto\/pulmon-land-rover-voge\/#breadcrumb"},"inLanguage":"es","potentialAction":[{"@type":"ReadAction","target":["https:\/\/911sport.cl\/tienda\/producto\/pulmon-land-rover-voge\/"]}]},{"@type":"ImageObject","inLanguage":"es","@id":"https:\/\/911sport.cl\/tienda\/producto\/pulmon-land-rover-voge\/#primaryimage","url":"https:\/\/911sport.cl\/tienda\/wp-content\/uploads\/2026\/02\/IMG_2089-Photoroom.png","contentUrl":"https:\/\/911sport.cl\/tienda\/wp-content\/uploads\/2026\/02\/IMG_2089-Photoroom.png","width":1512,"height":1512},{"@type":"BreadcrumbList","@id":"https:\/\/911sport.cl\/tienda\/producto\/pulmon-land-rover-voge\/#breadcrumb","itemListElement":[{"@type":"ListItem","position":1,"name":"Portada","item":"https:\/\/911sport.cl\/tienda\/"},{"@type":"ListItem","position":2,"name":"SHOP","item":"https:\/\/911sport.cl\/tienda\/shop\/"},{"@type":"ListItem","position":3,"name":"PULMON LAND ROVER VOGE"}]},{"@type":"WebSite","@id":"https:\/\/911sport.cl\/tienda\/#website","url":"https:\/\/911sport.cl\/tienda\/","name":"911 Sport - Tienda","description":"by Anthonn Lucas","potentialAction":[{"@type":"SearchAction","target":{"@type":"EntryPoint","urlTemplate":"https:\/\/911sport.cl\/tienda\/?s={search_term_string}"},"query-input":{"@type":"PropertyValueSpecification","valueRequired":true,"valueName":"search_term_string"}}],"inLanguage":"es"}]}},"_links":{"self":[{"href":"https:\/\/911sport.cl\/tienda\/wp-json\/wp\/v2\/product\/20427","targetHints":{"allow":["GET"]}}],"collection":[{"href":"https:\/\/911sport.cl\/tienda\/wp-json\/wp\/v2\/product"}],"about":[{"href":"https:\/\/911sport.cl\/tienda\/wp-json\/wp\/v2\/types\/product"}],"replies":[{"embeddable":true,"href":"https:\/\/911sport.cl\/tienda\/wp-json\/wp\/v2\/comments?post=20427"}],"version-history":[{"count":1,"href":"https:\/\/911sport.cl\/tienda\/wp-json\/wp\/v2\/product\/20427\/revisions"}],"predecessor-version":[{"id":20437,"href":"https:\/\/911sport.cl\/tienda\/wp-json\/wp\/v2\/product\/20427\/revisions\/20437"}],"wp:featuredmedia":[{"embeddable":true,"href":"https:\/\/911sport.cl\/tienda\/wp-json\/wp\/v2\/media\/20429"}],"wp:attachment":[{"href":"https:\/\/911sport.cl\/tienda\/wp-json\/wp\/v2\/media?parent=20427"}],"wp:term":[{"taxonomy":"product_brand","embeddable":true,"href":"https:\/\/911sport.cl\/tienda\/wp-json\/wp\/v2\/product_brand?post=20427"},{"taxonomy":"product_cat","embeddable":true,"href":"https:\/\/911sport.cl\/tienda\/wp-json\/wp\/v2\/product_cat?post=20427"},{"taxonomy":"product_tag","embeddable":true,"href":"https:\/\/911sport.cl\/tienda\/wp-json\/wp\/v2\/product_tag?post=20427"}],"curies":[{"name":"wp","href":"https:\/\/api.w.org\/{rel}","templated":true}]}}